{"id":1424,"date":"2021-01-21T22:54:05","date_gmt":"2021-01-21T21:54:05","guid":{"rendered":"http:\/\/pizza-dobra.com\/stylowadobra\/index.php\/our-menu\/special-offers\/"},"modified":"2021-02-13T21:08:02","modified_gmt":"2021-02-13T20:08:02","slug":"special-offers","status":"publish","type":"page","link":"https:\/\/pizza-dobra.com\/pizzadobralubieszyn\/online-bestellen\/special-offers\/","title":{"rendered":"Aufl\u00e4ufe"},"content":{"rendered":"<ul id=\"foodmenu\" class=\"menu\"><li id=\"menu-item-2107\" class=\"menu-item menu-item-type-post_type menu-item-object-page menu-item-2107\"><a href=\"https:\/\/pizza-dobra.com\/pizzadobralubieszyn\/online-bestellen\/pizza\/\">Pizza<\/a><\/li>\n<li id=\"menu-item-2108\" class=\"menu-item menu-item-type-post_type menu-item-object-page menu-item-2108\"><a href=\"https:\/\/pizza-dobra.com\/pizzadobralubieszyn\/online-bestellen\/pasta\/\">Sauce<\/a><\/li>\n<li id=\"menu-item-2109\" class=\"menu-item menu-item-type-post_type menu-item-object-page menu-item-2109\"><a href=\"https:\/\/pizza-dobra.com\/pizzadobralubieszyn\/online-bestellen\/salads\/\">Backwaren<\/a><\/li>\n<li id=\"menu-item-2112\" class=\"menu-item menu-item-type-post_type menu-item-object-page menu-item-2112\"><a href=\"https:\/\/pizza-dobra.com\/pizzadobralubieszyn\/online-bestellen\/snacks\/\">Suppe<\/a><\/li>\n<li id=\"menu-item-2111\" class=\"menu-item menu-item-type-post_type menu-item-object-page menu-item-2111\"><a href=\"https:\/\/pizza-dobra.com\/pizzadobralubieszyn\/online-bestellen\/beverages\/\">Fleisch<\/a><\/li>\n<li id=\"menu-item-2110\" class=\"menu-item menu-item-type-post_type menu-item-object-page menu-item-2110\"><a href=\"https:\/\/pizza-dobra.com\/pizzadobralubieszyn\/online-bestellen\/desserts\/\">Fische<\/a><\/li>\n<li id=\"menu-item-2106\" class=\"menu-item menu-item-type-post_type menu-item-object-page menu-item-2106\"><a href=\"https:\/\/pizza-dobra.com\/pizzadobralubieszyn\/online-bestellen\/special-offers\/\">Aufl\u00e4ufe<\/a><\/li>\n<li id=\"menu-item-2113\" class=\"menu-item menu-item-type-post_type menu-item-object-page menu-item-2113\"><a href=\"https:\/\/pizza-dobra.com\/pizzadobralubieszyn\/online-bestellen\/nudeln\/\">Nudeln<\/a><\/li>\n<li id=\"menu-item-2114\" class=\"menu-item menu-item-type-post_type menu-item-object-page menu-item-2114\"><a href=\"https:\/\/pizza-dobra.com\/pizzadobralubieszyn\/online-bestellen\/risotto\/\">Risotto<\/a><\/li>\n<li id=\"menu-item-2115\" class=\"menu-item menu-item-type-post_type menu-item-object-page menu-item-2115\"><a href=\"https:\/\/pizza-dobra.com\/pizzadobralubieszyn\/online-bestellen\/salate\/\">Salate<\/a><\/li>\n<li id=\"menu-item-2116\" class=\"menu-item menu-item-type-post_type menu-item-object-page menu-item-2116\"><a href=\"https:\/\/pizza-dobra.com\/pizzadobralubieszyn\/online-bestellen\/piroggen\/\">Piroggen<\/a><\/li>\n<li id=\"menu-item-2117\" class=\"menu-item menu-item-type-post_type menu-item-object-page menu-item-2117\"><a href=\"https:\/\/pizza-dobra.com\/pizzadobralubieszyn\/online-bestellen\/getranke\/\">Getr\u00e4nke<\/a><\/li>\n<\/ul>\n<article id=\"post-1673\" class=\"wppizza-article wppizza-article-default  wppizza-article-first wppizza-article-auflaufe wppizza-article-auflaufe-73 wppizza_menu-auflaufe wppizza_menu-term-73 entry-content post-1673 wppizza type-wppizza status-publish hentry\"><div id=\"wppizza-article-img-1673\" class=\"wppizza-article-image\"><div class=\"wppizza-article-image-placeholder\"><\/div><\/div><h2 id=\"wppizza-article-1-73-1673-0-0\" class=\"wppizza-article-h2\"><span class=\"wppizza-article-title\">Brokkoli \u00fcberbacken<\/span><\/h2><div id=\"wppizza-article-sizes-1673\" class=\"wppizza-article-sizes wppizza-article-prices-0\"><ul><li id=\"wppizza-article-prices-1673\" class=\"wppizza-article-prices\" ><ul><li id=\"wppizza-1-73-1673-0-0\" class=\"wppizza-article-price wppizza-article-price-0-0 wppizza-price-1673-0 wppizza-add-to-cart\"  title=\"in den Warenkorb\"><span class=\"\">8,25<\/span><div class=\"wppizza-article-size\"><\/div><\/li><\/ul><\/li><li class=\"wppizza-article-price-currency wppizza-article-price-left\">\u20ac<\/li><\/ul><\/div><p id=\"wppizza-article-content-1673\" class=\"wppizza-article-content\">Brokkoli in Sahnesauce mit K\u00e4se \u00fcberbacken <\/p><\/article><article id=\"post-1675\" class=\"wppizza-article wppizza-article-default  wppizza-article-auflaufe wppizza-article-auflaufe-73 wppizza_menu-auflaufe wppizza_menu-term-73 entry-content post-1675 wppizza type-wppizza status-publish hentry\"><div id=\"wppizza-article-img-1675\" class=\"wppizza-article-image\"><div class=\"wppizza-article-image-placeholder\"><\/div><\/div><h2 id=\"wppizza-article-1-73-1675-0-0\" class=\"wppizza-article-h2\"><span class=\"wppizza-article-title\">H\u00e4hnchen mit Brokkoli \u00fcberbacken<\/span><\/h2><div id=\"wppizza-article-sizes-1675\" class=\"wppizza-article-sizes wppizza-article-prices-0\"><ul><li id=\"wppizza-article-prices-1675\" class=\"wppizza-article-prices\" ><ul><li id=\"wppizza-1-73-1675-0-0\" class=\"wppizza-article-price wppizza-article-price-0-0 wppizza-price-1675-0 wppizza-add-to-cart\"  title=\"in den Warenkorb\"><span class=\"\">9,75<\/span><div class=\"wppizza-article-size\"><\/div><\/li><\/ul><\/li><li class=\"wppizza-article-price-currency wppizza-article-price-left\">\u20ac<\/li><\/ul><\/div><p id=\"wppizza-article-content-1675\" class=\"wppizza-article-content\">Brokkoli, H\u00e4hnchen, Nudeln in Sahnesauce mit K\u00e4se \u00fcberbacken<\/p><\/article><article id=\"post-1677\" class=\"wppizza-article wppizza-article-default  wppizza-article-last wppizza-article-auflaufe wppizza-article-auflaufe-73 wppizza_menu-auflaufe wppizza_menu-term-73 entry-content post-1677 wppizza type-wppizza status-publish hentry\"><div id=\"wppizza-article-img-1677\" class=\"wppizza-article-image\"><div class=\"wppizza-article-image-placeholder\"><\/div><\/div><h2 id=\"wppizza-article-1-73-1677-0-0\" class=\"wppizza-article-h2\"><span class=\"wppizza-article-title\">Farmer Auflauf<\/span><\/h2><div id=\"wppizza-article-sizes-1677\" class=\"wppizza-article-sizes wppizza-article-prices-0\"><ul><li id=\"wppizza-article-prices-1677\" class=\"wppizza-article-prices\" ><ul><li id=\"wppizza-1-73-1677-0-0\" class=\"wppizza-article-price wppizza-article-price-0-0 wppizza-price-1677-0 wppizza-add-to-cart\"  title=\"in den Warenkorb\"><span class=\"\">9,75<\/span><div class=\"wppizza-article-size\"><\/div><\/li><\/ul><\/li><li class=\"wppizza-article-price-currency wppizza-article-price-left\">\u20ac<\/li><\/ul><\/div><p id=\"wppizza-article-content-1677\" class=\"wppizza-article-content\">Kartoffeln, Speck, Schinke, Champignons, Sahnesauce mit K\u00e4se \u00fcberbacken<\/p><\/article>\n","protected":false},"excerpt":{"rendered":"Pizza Sauce Backwaren Suppe Fleisch Fische Aufl\u00e4ufe Nudeln Risotto Salate Piroggen Getr\u00e4nke Brokkoli \u00fcberbacken8,25\u20acBrokkoli in Sahnesauce mit K\u00e4se \u00fcberbacken H\u00e4hnchen mit Brokkoli \u00fcberbacken9,75\u20acBrokkoli, H\u00e4hnchen, Nudeln in Sahnesauce mit K\u00e4se \u00fcberbackenFarmer Auflauf9,75\u20acKartoffeln, Speck, Schinke, Champignons, Sahnesauce mit K\u00e4se \u00fcberbacken","protected":false},"author":1,"featured_media":0,"parent":1375,"menu_order":0,"comment_status":"closed","ping_status":"closed","template":"","meta":[],"_links":{"self":[{"href":"https:\/\/pizza-dobra.com\/pizzadobralubieszyn\/wp-json\/wp\/v2\/pages\/1424"}],"collection":[{"href":"https:\/\/pizza-dobra.com\/pizzadobralubieszyn\/wp-json\/wp\/v2\/pages"}],"about":[{"href":"https:\/\/pizza-dobra.com\/pizzadobralubieszyn\/wp-json\/wp\/v2\/types\/page"}],"author":[{"embeddable":true,"href":"https:\/\/pizza-dobra.com\/pizzadobralubieszyn\/wp-json\/wp\/v2\/users\/1"}],"replies":[{"embeddable":true,"href":"https:\/\/pizza-dobra.com\/pizzadobralubieszyn\/wp-json\/wp\/v2\/comments?post=1424"}],"version-history":[{"count":3,"href":"https:\/\/pizza-dobra.com\/pizzadobralubieszyn\/wp-json\/wp\/v2\/pages\/1424\/revisions"}],"predecessor-version":[{"id":2124,"href":"https:\/\/pizza-dobra.com\/pizzadobralubieszyn\/wp-json\/wp\/v2\/pages\/1424\/revisions\/2124"}],"up":[{"embeddable":true,"href":"https:\/\/pizza-dobra.com\/pizzadobralubieszyn\/wp-json\/wp\/v2\/pages\/1375"}],"wp:attachment":[{"href":"https:\/\/pizza-dobra.com\/pizzadobralubieszyn\/wp-json\/wp\/v2\/media?parent=1424"}],"curies":[{"name":"wp","href":"https:\/\/api.w.org\/{rel}","templated":true}]}}