{"id":26,"date":"2017-01-10T09:19:28","date_gmt":"2017-01-10T09:19:28","guid":{"rendered":"http:\/\/fooddy.ancorathemes.com\/?page_id=26"},"modified":"2021-02-15T22:32:14","modified_gmt":"2021-02-15T21:32:14","slug":"uber-uns","status":"publish","type":"page","link":"https:\/\/pizza-dobra.com\/pizzadobralubieszyn\/uber-uns\/","title":{"rendered":"\u00dcber uns"},"content":{"rendered":"<p>[vc_row full_width=&#8220;stretch_row&#8220; css=&#8220;.vc_custom_1613244863243{background-image: url(https:\/\/pizza-dobra.com\/pizzadobralubieszyn\/wp-content\/uploads\/2021\/02\/uber_uns-scaled.jpg?id=2362) !important;background-position: center !important;background-repeat: no-repeat !important;background-size: cover !important;}&#8220;][vc_column][vc_empty_space alter_height=&#8220;large&#8220; hide_on_mobile=&#8220;&#8220; css=&#8220;.vc_custom_1611872802840{margin-bottom: 0.4rem !important;}&#8220;]<div id=\"sc_title_847853769\"\r\n\t\tclass=\"sc_title sc_title_default  vc_custom_1613424731673\"><h3 class=\"sc_item_title sc_title_title sc_align_center sc_item_title_style_default\">Herzlich Willkomen in <i>Pizza Dobra<\/i>!<\/h3><\/div><!-- \/.sc_title -->[vc_empty_space alter_height=&#8220;small&#8220; hide_on_mobile=&#8220;&#8220; css=&#8220;.vc_custom_1611872579843{background-color: #ffffff !important;}&#8220;][vc_column_text css=&#8220;.vc_custom_1613424688013{padding-right: 6rem !important;padding-bottom: 45px !important;padding-left: 6rem !important;background-color: #ffffff !important;}&#8220;]Seit mehr als 8 Jahren betreiben wir bekanntes Restaurant Stylowa in Dobra. Wir verbinden aromatische Kr\u00e4uter, Pasta und Pizza mit der traditionellen altpolnischen K\u00fcche. <strong>F\u00fcr die beste Pizza sind wir in der ganzen Umgebung bekannt!<\/strong><\/p>\n<p>Seit einigen Jahren haben wir \u00fcber unser Restaurant gedacht und wie wir es weiterentwickeln k\u00f6nnen. Wir wollten <strong>Ihre Bestellungen mit Lieferung<\/strong> noch schneller abwickeln. Schlie\u00dflich kam die Gelegenheit!<\/p>\n<p><strong>Wir laden Sie ein, Bestellungen mit Lieferung in unserer Filiale in Lubieszyn (Linken) aufzugeben!<\/strong><\/p>\n<p>In unserem neuen Punkt ist die Speisekarte kleiner als im Restaurant, aber es gibt auch das Wichtigste \u2013 <strong>k\u00f6stliche Pizza!<\/strong> Sie k\u00f6nnen bei uns online mit Lieferung bestellen, oder die Pizza Mitnehmen. Wir haben hier im Men\u00fc selbe Pizzen wie in unserem Restaurant in Dobra.<\/p>\n<p><strong>Wir freuen uns auf Ihre Bestellungen.<\/strong>[\/vc_column_text][vc_empty_space alter_height=&#8220;large&#8220; hide_on_mobile=&#8220;&#8220;][\/vc_column][\/vc_row]<\/p>\n","protected":false},"excerpt":{"rendered":"<p>[vc_row full_width=&#8220;stretch_row&#8220; css=&#8220;.vc_custom_1613244863243{background-image: url(https:\/\/pizza-dobra.com\/pizzadobralubieszyn\/wp-content\/uploads\/2021\/02\/uber_uns-scaled.jpg?id=2362) !important;background-position: center !important;background-repeat: no-repeat !important;background-size: cover !important;}&#8220;][vc_column][vc_empty_space alter_height=&#8220;large&#8220; hide_on_mobile=&#8220;&#8220; css=&#8220;.vc_custom_1611872802840{margin-bottom: 0.4rem !important;}&#8220;][vc_empty_space alter_height=&#8220;small&#8220; hide_on_mobile=&#8220;&#8220; css=&#8220;.vc_custom_1611872579843{background-color: #ffffff !important;}&#8220;][vc_column_text css=&#8220;.vc_custom_1613424688013{padding-right: 6rem !important;padding-bottom: 45px !important;padding-left: 6rem !important;background-color: #ffffff !important;}&#8220;]Seit mehr als 8 Jahren betreiben wir bekanntes Restaurant Stylowa in Dobra. Wir verbinden aromatische Kr\u00e4uter, Pasta und Pizza mit der traditionellen altpolnischen K\u00fcche. F\u00fcr die beste Pizza sind wir in&hellip;<\/p>\n","protected":false},"author":1,"featured_media":0,"parent":0,"menu_order":0,"comment_status":"closed","ping_status":"closed","template":"","meta":[],"_links":{"self":[{"href":"https:\/\/pizza-dobra.com\/pizzadobralubieszyn\/wp-json\/wp\/v2\/pages\/26"}],"collection":[{"href":"https:\/\/pizza-dobra.com\/pizzadobralubieszyn\/wp-json\/wp\/v2\/pages"}],"about":[{"href":"https:\/\/pizza-dobra.com\/pizzadobralubieszyn\/wp-json\/wp\/v2\/types\/page"}],"author":[{"embeddable":true,"href":"https:\/\/pizza-dobra.com\/pizzadobralubieszyn\/wp-json\/wp\/v2\/users\/1"}],"replies":[{"embeddable":true,"href":"https:\/\/pizza-dobra.com\/pizzadobralubieszyn\/wp-json\/wp\/v2\/comments?post=26"}],"version-history":[{"count":50,"href":"https:\/\/pizza-dobra.com\/pizzadobralubieszyn\/wp-json\/wp\/v2\/pages\/26\/revisions"}],"predecessor-version":[{"id":2622,"href":"https:\/\/pizza-dobra.com\/pizzadobralubieszyn\/wp-json\/wp\/v2\/pages\/26\/revisions\/2622"}],"wp:attachment":[{"href":"https:\/\/pizza-dobra.com\/pizzadobralubieszyn\/wp-json\/wp\/v2\/media?parent=26"}],"curies":[{"name":"wp","href":"https:\/\/api.w.org\/{rel}","templated":true}]}}