{"id":2743,"date":"2024-09-03T14:14:12","date_gmt":"2024-09-03T12:14:12","guid":{"rendered":"https:\/\/pizza-dobra.com\/pizzadobralubieszyn\/?page_id=2743"},"modified":"2024-09-13T10:54:11","modified_gmt":"2024-09-13T08:54:11","slug":"pfannkuchen","status":"publish","type":"page","link":"https:\/\/pizza-dobra.com\/pizzadobralubieszyn\/pfannkuchen\/","title":{"rendered":"Pfannkuchen"},"content":{"rendered":"<ul id=\"foodmenu\" class=\"menu\"><li id=\"menu-item-2107\" class=\"menu-item menu-item-type-post_type menu-item-object-page menu-item-2107\"><a href=\"https:\/\/pizza-dobra.com\/pizzadobralubieszyn\/online-bestellen\/pizza\/\">Pizza<\/a><\/li>\n<li id=\"menu-item-2108\" class=\"menu-item menu-item-type-post_type menu-item-object-page menu-item-2108\"><a href=\"https:\/\/pizza-dobra.com\/pizzadobralubieszyn\/online-bestellen\/pasta\/\">Sauce<\/a><\/li>\n<li id=\"menu-item-2109\" class=\"menu-item menu-item-type-post_type menu-item-object-page menu-item-2109\"><a href=\"https:\/\/pizza-dobra.com\/pizzadobralubieszyn\/online-bestellen\/salads\/\">Backwaren<\/a><\/li>\n<li id=\"menu-item-2112\" class=\"menu-item menu-item-type-post_type menu-item-object-page menu-item-2112\"><a href=\"https:\/\/pizza-dobra.com\/pizzadobralubieszyn\/online-bestellen\/snacks\/\">Suppe<\/a><\/li>\n<li id=\"menu-item-2111\" class=\"menu-item menu-item-type-post_type menu-item-object-page menu-item-2111\"><a href=\"https:\/\/pizza-dobra.com\/pizzadobralubieszyn\/online-bestellen\/beverages\/\">Fleisch<\/a><\/li>\n<li id=\"menu-item-2110\" class=\"menu-item menu-item-type-post_type menu-item-object-page menu-item-2110\"><a href=\"https:\/\/pizza-dobra.com\/pizzadobralubieszyn\/online-bestellen\/desserts\/\">Fische<\/a><\/li>\n<li id=\"menu-item-2106\" class=\"menu-item menu-item-type-post_type menu-item-object-page menu-item-2106\"><a href=\"https:\/\/pizza-dobra.com\/pizzadobralubieszyn\/online-bestellen\/special-offers\/\">Aufl\u00e4ufe<\/a><\/li>\n<li id=\"menu-item-2113\" class=\"menu-item menu-item-type-post_type menu-item-object-page menu-item-2113\"><a href=\"https:\/\/pizza-dobra.com\/pizzadobralubieszyn\/online-bestellen\/nudeln\/\">Nudeln<\/a><\/li>\n<li id=\"menu-item-2114\" class=\"menu-item menu-item-type-post_type menu-item-object-page menu-item-2114\"><a href=\"https:\/\/pizza-dobra.com\/pizzadobralubieszyn\/online-bestellen\/risotto\/\">Risotto<\/a><\/li>\n<li id=\"menu-item-2115\" class=\"menu-item menu-item-type-post_type menu-item-object-page menu-item-2115\"><a href=\"https:\/\/pizza-dobra.com\/pizzadobralubieszyn\/online-bestellen\/salate\/\">Salate<\/a><\/li>\n<li id=\"menu-item-2116\" class=\"menu-item menu-item-type-post_type menu-item-object-page menu-item-2116\"><a href=\"https:\/\/pizza-dobra.com\/pizzadobralubieszyn\/online-bestellen\/piroggen\/\">Piroggen<\/a><\/li>\n<li id=\"menu-item-2117\" class=\"menu-item menu-item-type-post_type menu-item-object-page menu-item-2117\"><a href=\"https:\/\/pizza-dobra.com\/pizzadobralubieszyn\/online-bestellen\/getranke\/\">Getr\u00e4nke<\/a><\/li>\n<\/ul>\n\n\n<article id=\"post-2734\" class=\"wppizza-article wppizza-article-default  wppizza-article-first wppizza-article-pfannkuchen wppizza-article-pfannkuchen-81 wppizza_menu-pfannkuchen wppizza_menu-term-81 entry-content post-2734 wppizza type-wppizza status-publish hentry\"><div id=\"wppizza-article-img-2734\" class=\"wppizza-article-image\"><div class=\"wppizza-article-image-placeholder\"><\/div><\/div><h2 id=\"wppizza-article-1-81-2734-0-0\" class=\"wppizza-article-h2\"><span class=\"wppizza-article-title\">Pfannkuchen Bolognese<\/span><\/h2><div id=\"wppizza-article-sizes-2734\" class=\"wppizza-article-sizes wppizza-article-prices-0\"><ul><li id=\"wppizza-article-prices-2734\" class=\"wppizza-article-prices\" ><ul><li id=\"wppizza-1-81-2734-0-0\" class=\"wppizza-article-price wppizza-article-price-0-0 wppizza-price-2734-0 wppizza-add-to-cart\"  title=\"in den Warenkorb\"><span class=\"\">6,50<\/span><div class=\"wppizza-article-size\"><\/div><\/li><\/ul><\/li><li class=\"wppizza-article-price-currency wppizza-article-price-left\">\u20ac<\/li><\/ul><\/div><p id=\"wppizza-article-content-2734\" class=\"wppizza-article-content\">Mit Bolognesesauce und K\u00e4se \u00fcberbacken<\/p><\/article><article id=\"post-2735\" class=\"wppizza-article wppizza-article-default  wppizza-article-pfannkuchen wppizza-article-pfannkuchen-81 wppizza_menu-pfannkuchen wppizza_menu-term-81 entry-content post-2735 wppizza type-wppizza status-publish hentry\"><div id=\"wppizza-article-img-2735\" class=\"wppizza-article-image\"><div class=\"wppizza-article-image-placeholder\"><\/div><\/div><h2 id=\"wppizza-article-1-81-2735-0-0\" class=\"wppizza-article-h2\"><span class=\"wppizza-article-title\">Mit Ricotta und Spinat mit K\u00e4se \u00fcberbacken<\/span><\/h2><div id=\"wppizza-article-sizes-2735\" class=\"wppizza-article-sizes wppizza-article-prices-0\"><ul><li id=\"wppizza-article-prices-2735\" class=\"wppizza-article-prices\" ><ul><li id=\"wppizza-1-81-2735-0-0\" class=\"wppizza-article-price wppizza-article-price-0-0 wppizza-price-2735-0 wppizza-add-to-cart\"  title=\"in den Warenkorb\"><span class=\"\">7,00<\/span><div class=\"wppizza-article-size\"><\/div><\/li><\/ul><\/li><li class=\"wppizza-article-price-currency wppizza-article-price-left\">\u20ac<\/li><\/ul><\/div><p id=\"wppizza-article-content-2735\" class=\"wppizza-article-content\"><\/p><\/article><article id=\"post-2736\" class=\"wppizza-article wppizza-article-default  wppizza-article-pfannkuchen wppizza-article-pfannkuchen-81 wppizza_menu-pfannkuchen wppizza_menu-term-81 entry-content post-2736 wppizza type-wppizza status-publish hentry\"><div id=\"wppizza-article-img-2736\" class=\"wppizza-article-image\"><div class=\"wppizza-article-image-placeholder\"><\/div><\/div><h2 id=\"wppizza-article-1-81-2736-0-0\" class=\"wppizza-article-h2\"><span class=\"wppizza-article-title\">Pfannkuchen mit Nutella<\/span><\/h2><div id=\"wppizza-article-sizes-2736\" class=\"wppizza-article-sizes wppizza-article-prices-0\"><ul><li id=\"wppizza-article-prices-2736\" class=\"wppizza-article-prices\" ><ul><li id=\"wppizza-1-81-2736-0-0\" class=\"wppizza-article-price wppizza-article-price-0-0 wppizza-price-2736-0 wppizza-add-to-cart\"  title=\"in den Warenkorb\"><span class=\"\">6,50<\/span><div class=\"wppizza-article-size\"><\/div><\/li><\/ul><\/li><li class=\"wppizza-article-price-currency wppizza-article-price-left\">\u20ac<\/li><\/ul><\/div><p id=\"wppizza-article-content-2736\" class=\"wppizza-article-content\">Pfankuchen mit Nutella und Obst<\/p><\/article><article id=\"post-2738\" class=\"wppizza-article wppizza-article-default  wppizza-article-last wppizza-article-pfannkuchen wppizza-article-pfannkuchen-81 wppizza_menu-pfannkuchen wppizza_menu-term-81 entry-content post-2738 wppizza type-wppizza status-publish hentry\"><div id=\"wppizza-article-img-2738\" class=\"wppizza-article-image\"><div class=\"wppizza-article-image-placeholder\"><\/div><\/div><h2 id=\"wppizza-article-1-81-2738-0-0\" class=\"wppizza-article-h2\"><span class=\"wppizza-article-title\">Pfannkuchen mit Marmelade<\/span><\/h2><div id=\"wppizza-article-sizes-2738\" class=\"wppizza-article-sizes wppizza-article-prices-0\"><ul><li id=\"wppizza-article-prices-2738\" class=\"wppizza-article-prices\" ><ul><li id=\"wppizza-1-81-2738-0-0\" class=\"wppizza-article-price wppizza-article-price-0-0 wppizza-price-2738-0 wppizza-add-to-cart\"  title=\"in den Warenkorb\"><span class=\"\">4,50<\/span><div class=\"wppizza-article-size\"><\/div><\/li><\/ul><\/li><li class=\"wppizza-article-price-currency wppizza-article-price-left\">\u20ac<\/li><\/ul><\/div><p id=\"wppizza-article-content-2738\" class=\"wppizza-article-content\">Pfannkuchen mit Erdbeermarmelade und Schokoladensauce<\/p><\/article>\n","protected":false},"excerpt":{"rendered":"Pizza Sauce Backwaren Suppe Fleisch Fische Aufl\u00e4ufe Nudeln Risotto Salate Piroggen Getr\u00e4nke Pfannkuchen Bolognese6,50\u20acMit Bolognesesauce und K\u00e4se \u00fcberbackenMit Ricotta und Spinat mit K\u00e4se \u00fcberbacken7,00\u20acPfannkuchen mit Nutella6,50\u20acPfankuchen mit Nutella und ObstPfannkuchen mit Marmelade4,50\u20acPfannkuchen mit Erdbeermarmelade und Schokoladensauce","protected":false},"author":1,"featured_media":0,"parent":0,"menu_order":0,"comment_status":"closed","ping_status":"closed","template":"","meta":[],"_links":{"self":[{"href":"https:\/\/pizza-dobra.com\/pizzadobralubieszyn\/wp-json\/wp\/v2\/pages\/2743"}],"collection":[{"href":"https:\/\/pizza-dobra.com\/pizzadobralubieszyn\/wp-json\/wp\/v2\/pages"}],"about":[{"href":"https:\/\/pizza-dobra.com\/pizzadobralubieszyn\/wp-json\/wp\/v2\/types\/page"}],"author":[{"embeddable":true,"href":"https:\/\/pizza-dobra.com\/pizzadobralubieszyn\/wp-json\/wp\/v2\/users\/1"}],"replies":[{"embeddable":true,"href":"https:\/\/pizza-dobra.com\/pizzadobralubieszyn\/wp-json\/wp\/v2\/comments?post=2743"}],"version-history":[{"count":2,"href":"https:\/\/pizza-dobra.com\/pizzadobralubieszyn\/wp-json\/wp\/v2\/pages\/2743\/revisions"}],"predecessor-version":[{"id":2748,"href":"https:\/\/pizza-dobra.com\/pizzadobralubieszyn\/wp-json\/wp\/v2\/pages\/2743\/revisions\/2748"}],"wp:attachment":[{"href":"https:\/\/pizza-dobra.com\/pizzadobralubieszyn\/wp-json\/wp\/v2\/media?parent=2743"}],"curies":[{"name":"wp","href":"https:\/\/api.w.org\/{rel}","templated":true}]}}