{"id":60,"date":"2017-01-10T09:33:48","date_gmt":"2017-01-10T09:33:48","guid":{"rendered":"http:\/\/fooddy.ancorathemes.com\/?page_id=60"},"modified":"2025-02-17T19:18:46","modified_gmt":"2025-02-17T18:18:46","slug":"lieferbedingungen","status":"publish","type":"page","link":"https:\/\/pizza-dobra.com\/pizzadobralubieszyn\/lieferbedingungen\/","title":{"rendered":"Lieferbedingungen"},"content":{"rendered":"<p>[vc_row][vc_column][vc_empty_space alter_height=&#8220;small&#8220; hide_on_mobile=&#8220;&#8220;][vc_column_text]<strong>Liebe Kunden!<\/strong><\/p>\n<p>Wir liefern wie schnell wie es ist m\u00f6glich. Lieferzeit normal ist von eine Stunde bis zwei Stunden. Am Wochenende wenn wir viele Bestelungen haben, Lieferzeit k\u00f6nnen bis drei Stunden betragen. Vielen Dank f\u00fcr Ihr Verst\u00e4ndnis.[\/vc_column_text][vc_empty_space alter_height=&#8220;small&#8220; hide_on_mobile=&#8220;&#8220;][vc_column_text]<\/p>\n<p style=\"text-align: center;\"><strong>LIEFERREGELN<\/strong><\/p>\n<p>[\/vc_column_text][vc_empty_space alter_height=&#8220;small&#8220; hide_on_mobile=&#8220;&#8220;][\/vc_column][\/vc_row][vc_row full_width=&#8220;stretch_row&#8220; equal_height=&#8220;yes&#8220; css=&#8220;.vc_custom_1614108459989{background-color: #f2f2f2 !important;}&#8220;][vc_column width=&#8220;1\/3&#8243; css=&#8220;.vc_custom_1613461553464{background-color: #ffcaba !important;}&#8220;][vc_empty_space alter_height=&#8220;small&#8220; hide_on_mobile=&#8220;&#8220;][vc_column_text]<strong>ORTE:<br \/>\n<\/strong> Linken, Blankensee, Marienhof, Grenzdorf, Pampow, Bismark<\/p>\n<ul>\n<li>Bestellung \u00fcber 18\u20ac &#8211; Lieferservice gratis!<\/li>\n<\/ul>\n<p>[\/vc_column_text][vc_empty_space alter_height=&#8220;small&#8220; hide_on_mobile=&#8220;&#8220;][\/vc_column][vc_column width=&#8220;1\/3&#8243; css=&#8220;.vc_custom_1613460300057{padding-bottom: 0px !important;background-color: #ff907d !important;}&#8220;][vc_empty_space alter_height=&#8220;small&#8220; hide_on_mobile=&#8220;&#8220;][vc_column_text]<strong>ORTE:<br \/>\n<\/strong>Gellin, Freienstein, Boock, Mewegen, Neu-Grambow, Grambow, Schmagerow, Schwennenz, Hohenfelde<\/p>\n<ul>\n<li>Bei Bestellung \u00fcber 22\u20ac &#8211; Lieferservice gratis!<\/li>\n<\/ul>\n<p>[\/vc_column_text][vc_empty_space alter_height=&#8220;small&#8220; hide_on_mobile=&#8220;&#8220;][\/vc_column][vc_column width=&#8220;1\/3&#8243; css=&#8220;.vc_custom_1613461641921{background-color: #e24436 !important;}&#8220;][vc_empty_space alter_height=&#8220;small&#8220; hide_on_mobile=&#8220;&#8220;][vc_column_text]<strong>ORTE:<br \/>\n<\/strong>Ramin, Lebehn, Rothenklempenow, Sonnenberg, Ladenthin, Plowen<\/p>\n<ul>\n<li>Bei Bestellung \u00fcber 30\u20ac &#8211; Lieferservice gratis!<\/li>\n<li>Bestellung ab 25\u20ac \u00a0&#8211; Lieferservice 5\u20ac<\/li>\n<\/ul>\n<p>[\/vc_column_text][vc_empty_space alter_height=&#8220;small&#8220; hide_on_mobile=&#8220;&#8220;][\/vc_column][\/vc_row][vc_row full_width=&#8220;stretch_row&#8220; equal_height=&#8220;yes&#8220; css=&#8220;.vc_custom_1614108499858{background-color: #f2f2f2 !important;}&#8220;][vc_column width=&#8220;1\/3&#8243; css=&#8220;.vc_custom_1613460306256{background-color: #ff907d !important;}&#8220;][vc_empty_space alter_height=&#8220;small&#8220; hide_on_mobile=&#8220;&#8220;][vc_column_text]<strong>ORTE:<br \/>\n<\/strong>L\u00f6cknitz, Sonnenberg, Rietzin<\/p>\n<ul>\n<li>Bei Bestellung \u00fcber 35\u20ac &#8211; Lieferservice gratis!<\/li>\n<li>Bestellung ab 30\u20ac \u00a0&#8211; Lieferservice 5\u20ac<\/li>\n<\/ul>\n<p>[\/vc_column_text][vc_empty_space alter_height=&#8220;small&#8220; hide_on_mobile=&#8220;&#8220;][\/vc_column][vc_column width=&#8220;1\/3&#8243; css=&#8220;.vc_custom_1613461660950{background-color: #e24436 !important;}&#8220;][vc_empty_space alter_height=&#8220;small&#8220; hide_on_mobile=&#8220;&#8220;][vc_column_text]<strong>ORTE:<br \/>\n<\/strong>Glasow, Bergholz, Hohenholz, Krackow, Menkin, Wollschow, Nadrensee<\/p>\n<ul>\n<li>Bei Bestellung \u00fcber 45\u20ac &#8211; Lieferservice gratis!<\/li>\n<li>Bestellung ab 40\u20ac \u00a0&#8211; Lieferservice 5\u20ac<\/li>\n<\/ul>\n<p>[\/vc_column_text][vc_empty_space alter_height=&#8220;small&#8220; hide_on_mobile=&#8220;&#8220;][\/vc_column][vc_column width=&#8220;1\/3&#8243; css=&#8220;.vc_custom_1613461584866{background-color: #ffcaba !important;}&#8220;][vc_empty_space alter_height=&#8220;small&#8220; hide_on_mobile=&#8220;&#8220;][vc_column_text]<strong>ORTE:<br \/>\n<\/strong>Brussow, Woddow<\/p>\n<ul>\n<li>Bei Bestellung \u00fcber 55\u20ac &#8211; Lieferservice gratis!<\/li>\n<li>Bestellung ab 50\u20ac \u00a0&#8211; Lieferservice 5\u20ac<\/li>\n<\/ul>\n<p>[\/vc_column_text][vc_empty_space alter_height=&#8220;small&#8220; hide_on_mobile=&#8220;&#8220;][\/vc_column][\/vc_row][vc_row full_width=&#8220;stretch_row&#8220; equal_height=&#8220;yes&#8220; css=&#8220;.vc_custom_1614108537311{background-color: #f2f2f2 !important;}&#8220;][vc_column width=&#8220;1\/3&#8243; css=&#8220;.vc_custom_1613461667941{background-color: #e24436 !important;}&#8220;][vc_empty_space alter_height=&#8220;small&#8220; hide_on_mobile=&#8220;&#8220;][vc_column_text][\/vc_column_text][vc_empty_space alter_height=&#8220;small&#8220; hide_on_mobile=&#8220;&#8220;][\/vc_column][\/vc_row][vc_row full_width=&#8220;stretch_row_content&#8220; css=&#8220;.vc_custom_1612994025513{background-color: #f2f2f2 !important;}&#8220;][vc_column][vc_empty_space alter_height=&#8220;small&#8220; hide_on_mobile=&#8220;&#8220;][\/vc_column][\/vc_row]<\/p>\n","protected":false},"excerpt":{"rendered":"<p>[vc_row][vc_column][vc_empty_space alter_height=&#8220;small&#8220; hide_on_mobile=&#8220;&#8220;][vc_column_text]Liebe Kunden! Wir liefern wie schnell wie es ist m\u00f6glich. Lieferzeit normal ist von eine Stunde bis zwei Stunden. Am Wochenende wenn wir viele Bestelungen haben, Lieferzeit k\u00f6nnen bis drei Stunden betragen. Vielen Dank f\u00fcr Ihr Verst\u00e4ndnis.[\/vc_column_text][vc_empty_space alter_height=&#8220;small&#8220; hide_on_mobile=&#8220;&#8220;][vc_column_text] LIEFERREGELN [\/vc_column_text][vc_empty_space alter_height=&#8220;small&#8220; hide_on_mobile=&#8220;&#8220;][\/vc_column][\/vc_row][vc_row full_width=&#8220;stretch_row&#8220; equal_height=&#8220;yes&#8220; css=&#8220;.vc_custom_1614108459989{background-color: #f2f2f2 !important;}&#8220;][vc_column width=&#8220;1\/3&#8243; css=&#8220;.vc_custom_1613461553464{background-color: #ffcaba !important;}&#8220;][vc_empty_space alter_height=&#8220;small&#8220; hide_on_mobile=&#8220;&#8220;][vc_column_text]ORTE: Linken, Blankensee, Marienhof, Grenzdorf,&hellip;<\/p>\n","protected":false},"author":1,"featured_media":0,"parent":0,"menu_order":0,"comment_status":"closed","ping_status":"closed","template":"","meta":[],"_links":{"self":[{"href":"https:\/\/pizza-dobra.com\/pizzadobralubieszyn\/wp-json\/wp\/v2\/pages\/60"}],"collection":[{"href":"https:\/\/pizza-dobra.com\/pizzadobralubieszyn\/wp-json\/wp\/v2\/pages"}],"about":[{"href":"https:\/\/pizza-dobra.com\/pizzadobralubieszyn\/wp-json\/wp\/v2\/types\/page"}],"author":[{"embeddable":true,"href":"https:\/\/pizza-dobra.com\/pizzadobralubieszyn\/wp-json\/wp\/v2\/users\/1"}],"replies":[{"embeddable":true,"href":"https:\/\/pizza-dobra.com\/pizzadobralubieszyn\/wp-json\/wp\/v2\/comments?post=60"}],"version-history":[{"count":65,"href":"https:\/\/pizza-dobra.com\/pizzadobralubieszyn\/wp-json\/wp\/v2\/pages\/60\/revisions"}],"predecessor-version":[{"id":2763,"href":"https:\/\/pizza-dobra.com\/pizzadobralubieszyn\/wp-json\/wp\/v2\/pages\/60\/revisions\/2763"}],"wp:attachment":[{"href":"https:\/\/pizza-dobra.com\/pizzadobralubieszyn\/wp-json\/wp\/v2\/media?parent=60"}],"curies":[{"name":"wp","href":"https:\/\/api.w.org\/{rel}","templated":true}]}}