{"id":1745,"date":"2021-01-28T14:40:05","date_gmt":"2021-01-28T13:40:05","guid":{"rendered":"http:\/\/pizza-dobra.com\/stylowadobra\/?page_id=1745"},"modified":"2021-02-11T13:04:12","modified_gmt":"2021-02-11T12:04:12","slug":"minigolf-grill","status":"publish","type":"page","link":"https:\/\/pizza-dobra.com\/stylowadobra\/minigolf-grill\/","title":{"rendered":"Minigolf &#038; Grill"},"content":{"rendered":"<p>[vc_row content_placement=&#8220;top&#8220;][vc_column width=&#8220;2\/3&#8243; scheme=&#8220;default&#8220;][vc_column_text]Auf dem Gel\u00e4nde unseres Restaurants befindet sich ein Minigolfplatz. Dort finden Sie <strong>12 verschiedene Tracks<\/strong> mit verschiedenen bunten Hindernissen. Nach dem Kauf des Eintritts erh\u00e4lt jeder Spieler einen geeigneten Stock und einen Ball.<\/p>\n<p>Die Ergebnisse des Wettbewerbs k\u00f6nnen auf Spielkarten geschrieben werden. Der Minigolf ist eine echte Attraktion nicht nur f\u00fcr Kinder, sondern auch f\u00fcr ganze Familien. Im Fr\u00fchjahr planen wir im Minigolfplatz <strong>gegrillte Schaschliks<\/strong> und andere Gerichte zuzubereiten. Sie k\u00f6nnen unsere gegrillten Spazialit\u00e4ten an der frischen Luft genie\u00dfen und Zeit im Freien verbringen. Unser gastronomischer Bus bietet <strong>Getr\u00e4nke, Bier und Waffeln<\/strong>.<\/p>\n<p><strong>Wir freuen uns auf Ihren Besuch.<\/strong>[\/vc_column_text][vc_empty_space hide_on_mobile=&#8220;&#8220;][\/vc_column][vc_column width=&#8220;1\/3&#8243;][vc_single_image image=&#8220;1486&#8243; img_size=&#8220;full&#8220; alignment=&#8220;center&#8220;][vc_empty_space hide_on_mobile=&#8220;&#8220;][vc_single_image image=&#8220;1514&#8243; img_size=&#8220;full&#8220; alignment=&#8220;center&#8220;][\/vc_column][\/vc_row]<\/p>\n","protected":false},"excerpt":{"rendered":"<p>[vc_row content_placement=&#8220;top&#8220;][vc_column width=&#8220;2\/3&#8243; scheme=&#8220;default&#8220;][vc_column_text]Auf dem Gel\u00e4nde unseres Restaurants befindet sich ein Minigolfplatz. Dort finden Sie 12 verschiedene Tracks mit verschiedenen bunten Hindernissen. Nach dem Kauf des Eintritts erh\u00e4lt jeder Spieler einen geeigneten Stock und einen Ball. Die Ergebnisse des Wettbewerbs k\u00f6nnen auf Spielkarten geschrieben werden. Der Minigolf ist eine echte Attraktion nicht nur f\u00fcr Kinder, sondern auch f\u00fcr ganze Familien.&hellip;<\/p>\n","protected":false},"author":1,"featured_media":0,"parent":0,"menu_order":0,"comment_status":"closed","ping_status":"closed","template":"","meta":[],"_links":{"self":[{"href":"https:\/\/pizza-dobra.com\/stylowadobra\/wp-json\/wp\/v2\/pages\/1745"}],"collection":[{"href":"https:\/\/pizza-dobra.com\/stylowadobra\/wp-json\/wp\/v2\/pages"}],"about":[{"href":"https:\/\/pizza-dobra.com\/stylowadobra\/wp-json\/wp\/v2\/types\/page"}],"author":[{"embeddable":true,"href":"https:\/\/pizza-dobra.com\/stylowadobra\/wp-json\/wp\/v2\/users\/1"}],"replies":[{"embeddable":true,"href":"https:\/\/pizza-dobra.com\/stylowadobra\/wp-json\/wp\/v2\/comments?post=1745"}],"version-history":[{"count":16,"href":"https:\/\/pizza-dobra.com\/stylowadobra\/wp-json\/wp\/v2\/pages\/1745\/revisions"}],"predecessor-version":[{"id":2312,"href":"https:\/\/pizza-dobra.com\/stylowadobra\/wp-json\/wp\/v2\/pages\/1745\/revisions\/2312"}],"wp:attachment":[{"href":"https:\/\/pizza-dobra.com\/stylowadobra\/wp-json\/wp\/v2\/media?parent=1745"}],"curies":[{"name":"wp","href":"https:\/\/api.w.org\/{rel}","templated":true}]}}